{"id":3016,"date":"2023-11-07T16:16:05","date_gmt":"2023-11-07T14:16:05","guid":{"rendered":"https:\/\/yourcoach.fi\/tietosuojaseloste\/"},"modified":"2023-12-06T17:14:50","modified_gmt":"2023-12-06T15:14:50","slug":"tietosuojaseloste","status":"publish","type":"page","link":"https:\/\/yourcoach.fi\/fi\/tietosuojaseloste\/","title":{"rendered":"Tietosuojaseloste"},"content":{"rendered":"\t\t<div data-elementor-type=\"wp-page\" data-elementor-id=\"3016\" class=\"elementor elementor-3016 elementor-2072\" data-elementor-post-type=\"page\">\n\t\t\t\t<div class=\"elementor-element elementor-element-be73584 e-flex e-con-boxed e-con e-parent\" data-id=\"be73584\" data-element_type=\"container\" data-e-type=\"container\" data-settings=\"{&quot;background_background&quot;:&quot;classic&quot;,&quot;_ob_use_container_extras&quot;:&quot;no&quot;,&quot;_ob_column_hoveranimator&quot;:&quot;no&quot;,&quot;_ob_glider_is_slider&quot;:&quot;no&quot;,&quot;_ob_column_has_pseudo&quot;:&quot;no&quot;}\">\n\t\t\t\t\t<div class=\"e-con-inner\">\n\t\t\t\t<div class=\"elementor-element elementor-element-3559e1d ob-harakiri-inherit ob-has-background-overlay elementor-widget elementor-widget-heading\" data-id=\"3559e1d\" data-element_type=\"widget\" data-e-type=\"widget\" data-settings=\"{&quot;_ob_use_harakiri&quot;:&quot;yes&quot;,&quot;_ob_harakiri_writing_mode&quot;:&quot;inherit&quot;,&quot;_ob_harakiri_text_clip&quot;:&quot;none&quot;,&quot;_ob_widget_stalker_use&quot;:&quot;no&quot;,&quot;_ob_poopart_use&quot;:&quot;yes&quot;,&quot;_ob_shadough_use&quot;:&quot;no&quot;,&quot;_ob_allow_hoveranimator&quot;:&quot;no&quot;}\" data-widget_type=\"heading.default\">\n\t\t\t\t<div class=\"elementor-widget-container\">\n\t\t\t\t\t<h2 class=\"elementor-heading-title elementor-size-default\">Tietosuojaseloste<\/h2>\t\t\t\t<\/div>\n\t\t\t\t<\/div>\n\t\t\t\t\t<\/div>\n\t\t\t\t<\/div>\n\t\t<div class=\"elementor-element elementor-element-7bbe3e1 e-flex e-con-boxed e-con e-parent\" data-id=\"7bbe3e1\" data-element_type=\"container\" data-e-type=\"container\" data-settings=\"{&quot;_ob_use_container_extras&quot;:&quot;no&quot;,&quot;_ob_column_hoveranimator&quot;:&quot;no&quot;,&quot;_ob_glider_is_slider&quot;:&quot;no&quot;,&quot;_ob_column_has_pseudo&quot;:&quot;no&quot;}\">\n\t\t\t\t\t<div class=\"e-con-inner\">\n\t\t\t\t<div class=\"elementor-element elementor-element-2bc4864 ob-harakiri-inherit ob-has-background-overlay elementor-widget elementor-widget-text-editor\" data-id=\"2bc4864\" data-element_type=\"widget\" data-e-type=\"widget\" data-settings=\"{&quot;_ob_use_harakiri&quot;:&quot;yes&quot;,&quot;_ob_harakiri_writing_mode&quot;:&quot;inherit&quot;,&quot;_ob_postman_use&quot;:&quot;no&quot;,&quot;_ob_widget_stalker_use&quot;:&quot;no&quot;,&quot;_ob_poopart_use&quot;:&quot;yes&quot;,&quot;_ob_shadough_use&quot;:&quot;no&quot;,&quot;_ob_allow_hoveranimator&quot;:&quot;no&quot;}\" data-widget_type=\"text-editor.default\">\n\t\t\t\t<div class=\"elementor-widget-container\">\n\t\t\t\t\t\t\t\t\t<p>Henkil\u00f6tietojen k\u00e4sittelyyn sovelletaan 25. toukokuuta 2018 alkaen EU:n yleist\u00e4 tietosuoja-asetusta (2016\/679) yhdess\u00e4 tietosuojalain (1050\/2018) kanssa.<\/p><p>Perustettu huhtikuussa 2018, p\u00e4ivitetty 2.11.2023.<\/p><p><strong>Rekisterinpit\u00e4j\u00e4:<\/strong><br \/>YourCoach (Y-tunnus 2929379-1)<br \/>Rejpeltv\u00e4gen 2<br \/>66600 V\u00f6r\u00e5<br \/>+358 50 34 08 398<\/p><p>info@yourcoach.fi<\/p><p>\u00a0<\/p><p><strong>Rekisterin pit\u00e4misen perusteet<\/strong><br \/>Asiakassuhteiden hoitaminen, asiakkaan suostumus ja rekisterinpit\u00e4j\u00e4n oikeutettu etu.<\/p><p>Henkil\u00f6tietojesi k\u00e4sittelyn perusteet riippuvat siit\u00e4, mit\u00e4 palveluitamme k\u00e4yt\u00e4t. Voit kuulua yhteen tai useampaan henkil\u00f6tietoryhm\u00e4\u00e4n riippuen siit\u00e4, miss\u00e4 m\u00e4\u00e4rin k\u00e4yt\u00e4t palveluitamme. Tiedot ker\u00e4t\u00e4\u00e4n suoraan asiakkaalta.<\/p><p>Rekisteritietoja voidaan k\u00e4ytt\u00e4\u00e4 asiakkaan ja YourCoachin v\u00e4lisen asiakassuhteen hallinnointiin, hallintaan, yll\u00e4pitoon ja kehitt\u00e4miseen sek\u00e4 tarjouksen kohdentamiseen, analyysien tekemiseen, palvelujen tuottamiseen, tarjoamiseen ja kehitt\u00e4miseen sek\u00e4 markkinatutkimusten ja muiden tilastojen laatimiseen. Rekisteritietoja voidaan k\u00e4ytt\u00e4\u00e4 YourCoachin ja asiakkaan v\u00e4lisess\u00e4 markkinoinnissa (ml. s\u00e4hk\u00f6inen suoramarkkinointi) ja markkinoinnin ohjaamiseen lain puitteissa. Asiakkaalla on oikeus kielt\u00e4\u00e4 asiakkaalle itselleen suunnattu suoramarkkinointi.<\/p><p>Voimme my\u00f6s k\u00e4ytt\u00e4\u00e4 asiakastietoja suojellaksemme, tunnistaaksemme ja ehk\u00e4ist\u00e4ksemme petoksia ja muita rikoksia, vaatimuksia ja vastuita. Voimme k\u00e4ytt\u00e4\u00e4 tietoja sovellettavan lain noudattamiseksi.<\/p><p>\u00a0<\/p><p><strong>Verkkosivustomme k\u00e4ytt\u00e4j\u00e4t:<\/strong><br \/>Voimme ker\u00e4t\u00e4 seuraavia tietoja: k\u00e4ytt\u00e4miesi tietokoneiden ja laitteiden ominaisuudet ja sijainti, kuten IP-osoite, tunnisteev\u00e4steet, sivut, joilla vierailit, mist\u00e4 tulit sivustollemme, aika, k\u00e4ytt\u00f6j\u00e4rjestelm\u00e4, laite ja selain. Lis\u00e4ksi ker\u00e4\u00e4mme luonnollisesti kaikki tiedot, jotka annat sivustollamme tai sen palveluissa.<\/p><p>N\u00e4it\u00e4 tietoja k\u00e4ytet\u00e4\u00e4n verkkosivuston ominaisuuksien kehitt\u00e4miseen, verkkosivuston tietoturvan varmistamiseen ja seurantaan sek\u00e4 mahdollisen verkkovandalismin est\u00e4miseen. Lis\u00e4ksi toimitettuja tietoja k\u00e4sitell\u00e4\u00e4n erikseen asiakaspalvelun tarjoamiseksi (s\u00e4hk\u00f6inen ajanvaraus, palaute).<\/p><p>Tietojasi voidaan k\u00e4ytt\u00e4\u00e4 my\u00f6s niin sanottujen &#8221;tutkimusten&#8221; tekemiseen. uudelleenmarkkinointi, joten vierailusi perusteella voit n\u00e4hd\u00e4 markkinointiviestej\u00e4mme, esim. Facebook- tai Google-mainokset.<\/p><p>Tietoja ei siirret\u00e4 tai luovuteta EU:n tai Euroopan talousalueen ulkopuolelle.<\/p><p>Tietojen teknisen tai operatiivisen hallinnan toteuttamiseksi YourCoach voi siirt\u00e4\u00e4 osan tiedoista alihankkijoilleen tai k\u00e4sitell\u00e4 tietoja teknisen yhteyden avulla. YourCoach voi k\u00e4ytt\u00e4\u00e4 tietojen k\u00e4sittelyyn my\u00f6s alihankkijoita. Emme salli alihankkijoiden luovuttaa tietoja muihin tarkoituksiin.<\/p><p>YourCoachilla on oikeus k\u00e4ytt\u00e4\u00e4 tai siirt\u00e4\u00e4 tietoja, jos laki sit\u00e4 vaatii, suojata teknologiaa ja puolustautua oikeudellisia vaatimuksia vastaan tai esitt\u00e4\u00e4 niit\u00e4.<\/p><p>Toteutamme asianmukaisia teknisi\u00e4, organisatorisia ja hallinnollisia turvatoimia suojellaksemme hallussamme olevia tietoja katoamiselta, v\u00e4\u00e4rink\u00e4yt\u00f6lt\u00e4, luvattomalta k\u00e4yt\u00f6lt\u00e4, paljastamiselta, muuttamiselta ja tuhoamiselta.<\/p><p>Olemme sitoutuneet toteuttamaan asianmukaisia toimenpiteit\u00e4 henkil\u00f6tietojen suojaamiseksi. Tekniset, hallinnolliset ja fyysiset prosessimme on suunniteltu suojaamaan henkil\u00f6tietoja vahingossa tapahtuvalta, laittomalta tai luvattomalta katoamiselta, sieppaamiselta, luovuttamiselta, k\u00e4yt\u00f6lt\u00e4, muuttamiselta tai tuhoamiselta. Vaikka varmistamme, ett\u00e4 j\u00e4rjestelm\u00e4mme ovat suojattuja, emme voi taata, ett\u00e4 verkkosivusto, tietokonej\u00e4rjestelm\u00e4 tai tiedonsiirto internetiss\u00e4 tai muussa julkisessa verkossa on t\u00e4ysin turvallista.<\/p><p>Jotta henkil\u00f6ll\u00e4 olisi oikeus k\u00e4ytt\u00e4\u00e4 rekisteri\u00e4, j\u00e4rjestelm\u00e4n p\u00e4\u00e4k\u00e4ytt\u00e4j\u00e4n on my\u00f6nnett\u00e4v\u00e4 h\u00e4nelle k\u00e4ytt\u00e4j\u00e4tunnus. P\u00e4\u00e4k\u00e4ytt\u00e4j\u00e4 p\u00e4\u00e4tt\u00e4\u00e4 my\u00f6s, mit\u00e4 k\u00e4ytt\u00f6oikeuksia k\u00e4ytt\u00e4j\u00e4lle annetaan. Asiakashallintaj\u00e4rjestelm\u00e4n k\u00e4ynnist\u00e4minen edellytt\u00e4\u00e4 henkil\u00f6kohtaista salasanaa. Rekisterin k\u00e4ytt\u00f6\u00e4 ja kirjautumisia seurataan.<\/p><p>Tiedot ker\u00e4t\u00e4\u00e4n j\u00e4rjestelm\u00e4n tietokantoihin, jotka on suojattu palomuureilla ja muilla teknisill\u00e4 menetelmill\u00e4. Tietokantoja s\u00e4ilytet\u00e4\u00e4n lukituissa ja valvotuissa tiloissa, ja vain tietyill\u00e4 ennalta m\u00e4\u00e4r\u00e4tyill\u00e4 henkil\u00f6ill\u00e4 on p\u00e4\u00e4sy tietoihin.<\/p><p>Kaikilla YourCoachin ty\u00f6ntekij\u00f6ill\u00e4 ja YourCoachin puitteissa ty\u00f6skentelevill\u00e4 kolmansilla osapuolilla on salassapitovelvollisuus kaikkien asiakastietojen suhteen. Henkil\u00f6kunta on saanut koulutusta ja ohjeita siit\u00e4, miten tietoja k\u00e4sitell\u00e4\u00e4n asianmukaisesti ja turvallisesti.<\/p><p>Sinulla on oikeus tarkistaa, mit\u00e4 tietoja sinusta on tallennettu rekisteriin. Pyynt\u00f6 saada tutustua rekisterin tietoihin on l\u00e4hetett\u00e4v\u00e4 kirjallisesti ja allekirjoitettuna edell\u00e4 mainittuun osoitteeseen (rekisterinpit\u00e4j\u00e4).<\/p><p>Sin\u00e4 hallitset kaikkia meille antamiasi henkil\u00f6tietoja. Jos haluat jossain vaiheessa korjata henkil\u00f6tietojasi, ota meihin yhteytt\u00e4. Lis\u00e4ksi sinulla on tietyiss\u00e4 tapauksissa oikeus pyyt\u00e4\u00e4 henkil\u00f6tietojesi poistamista rekisterist\u00e4 ja niiden siirt\u00e4mist\u00e4 toiselle yritykselle. Sinulla on oikeus rajoittaa henkil\u00f6tietojesi k\u00e4sittely\u00e4 ja kielt\u00e4\u00e4 henkil\u00f6tietojesi k\u00e4sittely.<\/p><p>Huomaa kuitenkin, ett\u00e4 joissakin tapauksissa tietojen antaminen ja suostumus niiden k\u00e4sittelyyn voi olla palvelun toteuttamisen tai k\u00e4yt\u00f6n edellytys. Pid\u00e4t\u00e4mme oikeuden keskeytt\u00e4\u00e4 palvelujen tarjoamisen tai est\u00e4\u00e4 palvelujen k\u00e4yt\u00f6n, jos rekister\u00f6ity ei anna palvelun kannalta olennaisia tietoja tai pyyt\u00e4\u00e4 tietojen poistamista.<\/p><p>S\u00e4ilyt\u00e4mme henkil\u00f6tietoja vain niin kauan kuin niit\u00e4 voidaan pit\u00e4\u00e4 tarpeellisina t\u00e4ss\u00e4 rekisteriselosteessa kuvattuja tarkoituksia varten, ellei laki salli tai vaadi tietojen s\u00e4ilytt\u00e4mist\u00e4 pidemp\u00e4\u00e4n.<\/p><h3>\u00a0<\/h3><h3><strong>Mit\u00e4 henkil\u00f6tietoja ker\u00e4\u00e4mme?<\/strong><\/h3><p><strong>Yleist\u00e4 <\/strong>: Kun pyyd\u00e4t yhteytt\u00e4 YourCoachiin, annat usein yhteystietoja (s\u00e4hk\u00f6postiosoite tai puhelinnumero), kuten. s\u00e4hk\u00f6postitse tai yhteydenottolomakkeella. Tallennettuja viestej\u00e4 k\u00e4sittelev\u00e4t ainoastaan henkil\u00f6t, joilla on valtuudet k\u00e4sitell\u00e4 asiakastietoja.<\/p><p><strong>Hieronta- ja fysioterapia-asiakkaat: <\/strong>Kun teet varauksen, nimesi ja yhteystietosi tallennetaan aina varausj\u00e4rjestelm\u00e4\u00e4n. Tiedot poistetaan 24 kuukauden kuluttua. Joistakin asiakkaista pidet\u00e4\u00e4n kirjaa, ja n\u00e4m\u00e4 tiedot arkistoidaan lukkojen ja\/tai salasanojen taakse.<\/p><p><strong>Ty\u00f6paikat: <\/strong>Henkil\u00f6st\u00f6tutkimusten, terveysprofiilien ja muiden seulontojen tulokset tallennetaan k\u00e4ytt\u00e4j\u00e4tunnuksen ja salasanan taakse, eik\u00e4 niit\u00e4 luovuteta kolmansille osapuolille ilman asiakkaan (yrityksen\/organisaation) lupaa.<\/p><p><strong>Yksitt\u00e4iset henkil\u00f6t muut palvelut: <\/strong>Palvelusta riippuen asiakkaistamme tallennetaan joitakin tietoja, joita voivat olla esimerkiksi seuraavat. puhelinnumerot, osoitteet, syntym\u00e4vuosi, terveydentila. Kaikki tiedot tallentaa YourCoachin henkil\u00f6kunta, joka on koulutettu k\u00e4sittelem\u00e4\u00e4n tietoja turvallisesti ja laillisesti.<\/p>\t\t\t\t\t\t\t\t<\/div>\n\t\t\t\t<\/div>\n\t\t\t\t\t<\/div>\n\t\t\t\t<\/div>\n\t\t\t\t<\/div>\n\t\t","protected":false},"excerpt":{"rendered":"<p>Tietosuojaseloste Henkil\u00f6tietojen k\u00e4sittelyyn sovelletaan 25. toukokuuta 2018 alkaen EU:n yleist\u00e4 tietosuoja-asetusta (2016\/679) yhdess\u00e4 tietosuojalain (1050\/2018) kanssa. Perustettu huhtikuussa 2018, p\u00e4ivitetty 2.11.2023. Rekisterinpit\u00e4j\u00e4:YourCoach (Y-tunnus 2929379-1)Rejpeltv\u00e4gen 266600 V\u00f6r\u00e5+358 50 34 08 398 info@yourcoach.fi \u00a0 Rekisterin pit\u00e4misen perusteetAsiakassuhteiden hoitaminen, asiakkaan suostumus ja rekisterinpit\u00e4j\u00e4n oikeutettu etu. Henkil\u00f6tietojesi k\u00e4sittelyn perusteet riippuvat siit\u00e4, mit\u00e4 palveluitamme k\u00e4yt\u00e4t. Voit kuulua yhteen tai useampaan [&hellip;]<\/p>\n","protected":false},"author":1,"featured_media":0,"parent":0,"menu_order":0,"comment_status":"closed","ping_status":"closed","template":"","meta":{"_seopress_robots_primary_cat":"","_seopress_titles_title":"","_seopress_titles_desc":"","_seopress_robots_index":"yes","inline_featured_image":false,"footnotes":""},"class_list":["post-3016","page","type-page","status-publish","hentry"],"_links":{"self":[{"href":"https:\/\/yourcoach.fi\/fi\/wp-json\/wp\/v2\/pages\/3016","targetHints":{"allow":["GET"]}}],"collection":[{"href":"https:\/\/yourcoach.fi\/fi\/wp-json\/wp\/v2\/pages"}],"about":[{"href":"https:\/\/yourcoach.fi\/fi\/wp-json\/wp\/v2\/types\/page"}],"author":[{"embeddable":true,"href":"https:\/\/yourcoach.fi\/fi\/wp-json\/wp\/v2\/users\/1"}],"replies":[{"embeddable":true,"href":"https:\/\/yourcoach.fi\/fi\/wp-json\/wp\/v2\/comments?post=3016"}],"version-history":[{"count":0,"href":"https:\/\/yourcoach.fi\/fi\/wp-json\/wp\/v2\/pages\/3016\/revisions"}],"wp:attachment":[{"href":"https:\/\/yourcoach.fi\/fi\/wp-json\/wp\/v2\/media?parent=3016"}],"curies":[{"name":"wp","href":"https:\/\/api.w.org\/{rel}","templated":true}]}}